{"id":94,"date":"2023-04-14T15:43:20","date_gmt":"2023-04-14T18:43:20","guid":{"rendered":"https:\/\/designmodahumanidades.unifebe.edu.br\/?page_id=94"},"modified":"2023-10-18T13:44:29","modified_gmt":"2023-10-18T16:44:29","slug":"quem-somos-2","status":"publish","type":"page","link":"https:\/\/designmodahumanidades.unifebe.edu.br\/?page_id=94","title":{"rendered":"Quem somos"},"content":{"rendered":"\n<p><strong>Quem somos<\/strong><\/p>\n\n\n\n<p class=\"has-small-font-size\">&nbsp;O Grupo de Pesquisa Design, Moda e Humanidades foi criado no ano de 2021, por docentes do curso de Gradua\u00e7\u00e3o em Design de Moda do Centro Universit\u00e1rio de Brusque &#8211; Unifebe.<\/p>\n\n\n\n<p class=\"has-text-align-left has-small-font-size\">Seu objetivo principal visa realizar estudos e pesquisas sobre as diversas rela\u00e7\u00f5es entre o Design, a Moda e \u00e1reas interdisciplinares, dessa forma, desenvolve atividades de estudo e pesquisas, cuja unidade epistemol\u00f3gica \u00e9 a Moda em seus v\u00e1rios desdobramentos poss\u00edveis: econ\u00f4micos, tecnol\u00f3gicos, sociais, hist\u00f3ricos, art\u00edsticos, competitivos, mercadol\u00f3gicos, de sustentabilidade ambiental, sa\u00fade e inclus\u00e3o.<\/p>\n\n\n\n<p class=\"has-small-font-size\">Para tanto, o grupo de pesquisa re\u00fane laborat\u00f3rios que agregam alunos e professores do curso de Bacharelado em Design de Moda. Estes laborat\u00f3rios funcionam como c\u00e9lulas de pesquisa que facilitam a orienta\u00e7\u00e3o dos acad\u00eamicos na inicia\u00e7\u00e3o da pesquisa cient\u00edfica, referenciada a estes temas.<\/p>\n\n\n\n<p class=\"has-text-align-left justifica has-small-font-size\" style=\"letter-spacing:rem\"><\/p>\n\n\n\n<p class=\"has-small-font-size\">PARECER n.\u00ba 41\/2022 &#8211; Documenta\u00e7\u00e3o aprovada pelo setor respons\u00e1vel. Acesse<br>DATA: 23\/11\/2022<\/p>\n\n\n\n<div data-wp-interactive=\"core\/file\" class=\"wp-block-file\"><object data-wp-bind--hidden=\"!state.hasPdfPreview\" hidden class=\"wp-block-file__embed\" data=\"https:\/\/designmodahumanidades.unifebe.edu.br\/wp-content\/uploads\/2023\/08\/parecer412022-i.pdf\" type=\"application\/pdf\" style=\"width:100%;height:600px\" aria-label=\"Incorporado de parecer412022-i.\"><\/object><a id=\"wp-block-file--media-2becc294-2932-4a50-b770-6560bebdda41\" href=\"https:\/\/designmodahumanidades.unifebe.edu.br\/wp-content\/uploads\/2023\/08\/parecer412022-i.pdf\">parecer412022-i<\/a><a href=\"https:\/\/designmodahumanidades.unifebe.edu.br\/wp-content\/uploads\/2023\/08\/parecer412022-i.pdf\" class=\"wp-block-file__button wp-element-button\" download aria-describedby=\"wp-block-file--media-2becc294-2932-4a50-b770-6560bebdda41\">Baixar<\/a><\/div>\n\n\n\n<p><\/p>\n","protected":false},"excerpt":{"rendered":"<p>Quem somos &nbsp;O Grupo de Pesquisa Design, Moda e Humanidades foi criado no ano de 2021, por docentes do curso de Gradua\u00e7\u00e3o em Design de Moda do Centro Universit\u00e1rio de Brusque &#8211; Unifebe. Seu objetivo principal visa realizar estudos e pesquisas sobre as diversas rela\u00e7\u00f5es entre o Design, a Moda e \u00e1reas interdisciplinares, dessa forma, &hellip; <\/p>\n","protected":false},"author":1,"featured_media":0,"parent":0,"menu_order":0,"comment_status":"closed","ping_status":"closed","template":"","meta":{"footnotes":""},"class_list":["post-94","page","type-page","status-publish","hentry"],"_links":{"self":[{"href":"https:\/\/designmodahumanidades.unifebe.edu.br\/index.php?rest_route=\/wp\/v2\/pages\/94","targetHints":{"allow":["GET"]}}],"collection":[{"href":"https:\/\/designmodahumanidades.unifebe.edu.br\/index.php?rest_route=\/wp\/v2\/pages"}],"about":[{"href":"https:\/\/designmodahumanidades.unifebe.edu.br\/index.php?rest_route=\/wp\/v2\/types\/page"}],"author":[{"embeddable":true,"href":"https:\/\/designmodahumanidades.unifebe.edu.br\/index.php?rest_route=\/wp\/v2\/users\/1"}],"replies":[{"embeddable":true,"href":"https:\/\/designmodahumanidades.unifebe.edu.br\/index.php?rest_route=%2Fwp%2Fv2%2Fcomments&post=94"}],"version-history":[{"count":17,"href":"https:\/\/designmodahumanidades.unifebe.edu.br\/index.php?rest_route=\/wp\/v2\/pages\/94\/revisions"}],"predecessor-version":[{"id":263,"href":"https:\/\/designmodahumanidades.unifebe.edu.br\/index.php?rest_route=\/wp\/v2\/pages\/94\/revisions\/263"}],"wp:attachment":[{"href":"https:\/\/designmodahumanidades.unifebe.edu.br\/index.php?rest_route=%2Fwp%2Fv2%2Fmedia&parent=94"}],"curies":[{"name":"wp","href":"https:\/\/api.w.org\/{rel}","templated":true}]}}