{"id":13,"date":"2023-04-14T10:54:54","date_gmt":"2023-04-14T13:54:54","guid":{"rendered":"https:\/\/designmodahumanidades.unifebe.edu.br\/?page_id=13"},"modified":"2023-08-15T14:07:38","modified_gmt":"2023-08-15T17:07:38","slug":"pesquisadores","status":"publish","type":"page","link":"https:\/\/designmodahumanidades.unifebe.edu.br\/?page_id=13","title":{"rendered":"Pesquisadores"},"content":{"rendered":"\n<div class=\"wp-block-media-text alignwide is-stacked-on-mobile texto-justificado\" style=\"grid-template-columns:22% auto\"><figure class=\"wp-block-media-text__media\"><img loading=\"lazy\" decoding=\"async\" width=\"225\" height=\"300\" src=\"https:\/\/designmodahumanidades.unifebe.edu.br\/wp-content\/uploads\/2023\/04\/JCR-225x300.jpg\" alt=\"\" class=\"wp-image-113 size-medium\" srcset=\"https:\/\/designmodahumanidades.unifebe.edu.br\/wp-content\/uploads\/2023\/04\/JCR-225x300.jpg 225w, https:\/\/designmodahumanidades.unifebe.edu.br\/wp-content\/uploads\/2023\/04\/JCR-768x1024.jpg 768w, https:\/\/designmodahumanidades.unifebe.edu.br\/wp-content\/uploads\/2023\/04\/JCR-45x60.jpg 45w, https:\/\/designmodahumanidades.unifebe.edu.br\/wp-content\/uploads\/2023\/04\/JCR.jpg 960w\" sizes=\"auto, (max-width: 225px) 100vw, 225px\" \/><\/figure><div class=\"wp-block-media-text__content\">\n<p class=\"has-text-align-left has-small-font-size\">Josely Cristiane Rosa &#8211; Doutora em Desenvolvimento Regional &#8211; FURB (2019). Na \u00e1rea acad\u00eamica \u00e9 docente de cursos de gradua\u00e7\u00e3o e p\u00f3s-gradua\u00e7\u00e3o. Atualmente atua como docente nos seguintes cursos: Medicina, Administra\u00e7\u00e3o, Direito, Pedagogia e Educa\u00e7\u00e3o F\u00edsica. Exerce a coordena\u00e7\u00e3o do Curso de Design de Moda do Centro Universit\u00e1rio de Brusque\/SC e dos curso de P\u00f3s-Gradua\u00e7\u00e3o MBA em Gest\u00e3o de Pessoas e MBA em Consultoria Executiva: \u00canfase em Pessoas &amp; Neg\u00f3cios. \u00c9 Membro do Grupo de Pesquisa &#8216;N\u00facleo de Estudos da Tecnoci\u00eancia&#8217; &#8211; FURB (CNPQ) e l\u00edder do Grupo de Pesquisa &#8216;Design, Moda e Humanidades&#8217; da Unifebe. Membro do Comit\u00ea de \u00c9tica do Centro Universit\u00e1rio de Brusque &#8211; Unifebe. <a rel=\"noreferrer noopener\" href=\"http:\/\/lattes.cnpq.br\/7940291362084328\" target=\"_blank\">Acesse o curr\u00edculo lattes.<\/a><\/p>\n<\/div><\/div>\n\n\n\n<div class=\"wp-block-media-text alignwide has-media-on-the-right is-stacked-on-mobile text\" style=\"grid-template-columns:auto 32%\"><div class=\"wp-block-media-text__content\">\n<p class=\"has-small-font-size\">Roberta Del-Vechio de Oliveira e Silva &#8211; Doutora em Comunica\u00e7\u00e3o e Linguagens, pela Universidade Tuiuti do Paran\u00e1 (UTP, 2018). Docente da Unifebe Centro Universit\u00e1rio de Brusque onde atua tamb\u00e9m como Coordenadora do Grupo de Pesquisa Design, Moda e Humanidades do Curso Design de Moda. Possui experi\u00eancia profissional e docente nas \u00e1reas tem\u00e1ticas: Estrat\u00e9gias de Comunica\u00e7\u00e3o e Comunica\u00e7\u00e3o e Marketing de Moda. Atua principalmente nos seguintes temas: Publicidade e Propaganda, Promo\u00e7\u00e3o e Merchandising, Trade Marketing, Marketing de Moda e Comportamento do Consumidor. Acesse o curr\u00edculo lattes.<\/p>\n<\/div><figure class=\"wp-block-media-text__media\"><img loading=\"lazy\" decoding=\"async\" width=\"300\" height=\"300\" src=\"https:\/\/designmodahumanidades.unifebe.edu.br\/wp-content\/uploads\/2023\/04\/Roberta-D-1-300x300.jpg\" alt=\"\" class=\"wp-image-124 size-medium\" srcset=\"https:\/\/designmodahumanidades.unifebe.edu.br\/wp-content\/uploads\/2023\/04\/Roberta-D-1-300x300.jpg 300w, https:\/\/designmodahumanidades.unifebe.edu.br\/wp-content\/uploads\/2023\/04\/Roberta-D-1-150x150.jpg 150w, https:\/\/designmodahumanidades.unifebe.edu.br\/wp-content\/uploads\/2023\/04\/Roberta-D-1-60x60.jpg 60w, https:\/\/designmodahumanidades.unifebe.edu.br\/wp-content\/uploads\/2023\/04\/Roberta-D-1.jpg 640w\" sizes=\"auto, (max-width: 300px) 100vw, 300px\" \/><\/figure><\/div>\n\n\n\n<div class=\"wp-block-media-text alignwide is-stacked-on-mobile\" style=\"grid-template-columns:25% auto\"><figure class=\"wp-block-media-text__media\"><img loading=\"lazy\" decoding=\"async\" width=\"200\" height=\"200\" src=\"https:\/\/designmodahumanidades.unifebe.edu.br\/wp-content\/uploads\/2023\/04\/Arina-Blum.jpg\" alt=\"\" class=\"wp-image-114 size-full\" srcset=\"https:\/\/designmodahumanidades.unifebe.edu.br\/wp-content\/uploads\/2023\/04\/Arina-Blum.jpg 200w, https:\/\/designmodahumanidades.unifebe.edu.br\/wp-content\/uploads\/2023\/04\/Arina-Blum-150x150.jpg 150w, https:\/\/designmodahumanidades.unifebe.edu.br\/wp-content\/uploads\/2023\/04\/Arina-Blum-60x60.jpg 60w\" sizes=\"auto, (max-width: 200px) 100vw, 200px\" \/><\/figure><div class=\"wp-block-media-text__content\">\n<p class=\"has-small-font-size\"><br>Arina Blum &#8211; Doutora em Design pelo Programa de P\u00f3s-Gradua\u00e7\u00e3o em Design da Universidade Federal de Santa Catarina (UFSC) &#8211; linha Gest\u00e3o de Design, com est\u00e1gio p\u00f3s-doutora no mesmo Programa. Docente no Centro Universit\u00e1rio de Brusque (Unifebe), nos cursos de Tecnologia em Design Gr\u00e1fico, bacharelado em Design de Moda, bacharelado em Arquitetura e Urbanismo e Especializa\u00e7\u00e3o em Tecnologias Digitais Aplicadas \u00e0 Educa\u00e7\u00e3o e Metodologias Ativas. Coordenadora de Est\u00e1gio Supervisionado e Trabalho de Conclus\u00e3o do Curso de Design de Moda da Unifebe. Coordenadora das especializa\u00e7\u00f5es &#8220;Design para Estrat\u00e9gia de Neg\u00f3cios&#8221; e &#8220;Design de Superf\u00edcie e Estamparia T\u00eaxtil&#8221; da Unifebe. Acesse o curr\u00edculo lattes.<\/p>\n<\/div><\/div>\n\n\n\n<div class=\"wp-block-media-text has-media-on-the-right is-stacked-on-mobile\" style=\"grid-template-columns:auto 23%\"><div class=\"wp-block-media-text__content\">\n<p class=\"justificado has-small-font-size\"><br><br>Gabriela Poltronieri Lenzi &#8211; Doutora em Antropologia pela Universidade de Salamanca, Espanha. Mestre em Antropologia de Iberoamerica pela Universidade de Salamanca, Espanha (2014). Mestre em Arte della Moda pela Accademia Italiana di Moda, Arte e Design, It\u00e1lia (2008). Graduada em Moda pela Funda\u00e7\u00e3o Universidade Regional de Blumenau, Brasil (2007).  \u00c1reas de Interesse e Atua\u00e7\u00e3o: Design e Comportamento Humano, Antropologia da Moda e do Design, Antropologia Cultural, Antropologia Aplicada, Antropologia do Corpo, Antropologia Urbana, Antigos Artefatos de Moda, Moda e Express\u00e3o, Resgate de Antigas T\u00e9cnicas de Moda e Design, Cataloga\u00e7\u00e3o de Antigas T\u00e9cnicas de Moda, Moda e Arte, Design e Arte, Hist\u00f3ria da Moda e da Indument\u00e1ria, Corpo Feminino, Moda, Design e Artesanato, Artesanato, Semi\u00f3tica, Design e Educa\u00e7\u00e3o. Acesse o curr\u00edculo lattes.<\/p>\n\n\n\n<p><\/p>\n\n\n\n<p><\/p>\n<\/div><figure class=\"wp-block-media-text__media\"><img loading=\"lazy\" decoding=\"async\" width=\"224\" height=\"224\" src=\"https:\/\/designmodahumanidades.unifebe.edu.br\/wp-content\/uploads\/2023\/08\/Gabi.jpg\" alt=\"\" class=\"wp-image-183 size-full\" srcset=\"https:\/\/designmodahumanidades.unifebe.edu.br\/wp-content\/uploads\/2023\/08\/Gabi.jpg 224w, https:\/\/designmodahumanidades.unifebe.edu.br\/wp-content\/uploads\/2023\/08\/Gabi-150x150.jpg 150w, https:\/\/designmodahumanidades.unifebe.edu.br\/wp-content\/uploads\/2023\/08\/Gabi-60x60.jpg 60w\" sizes=\"auto, (max-width: 224px) 100vw, 224px\" \/><\/figure><\/div>\n\n\n\n<div class=\"wp-block-media-text alignwide is-stacked-on-mobile\" style=\"grid-template-columns:19% auto\"><figure class=\"wp-block-media-text__media\"><img loading=\"lazy\" decoding=\"async\" width=\"647\" height=\"1024\" src=\"https:\/\/designmodahumanidades.unifebe.edu.br\/wp-content\/uploads\/2023\/08\/Thaissa.jpg\" alt=\"\" class=\"wp-image-164 size-full\" srcset=\"https:\/\/designmodahumanidades.unifebe.edu.br\/wp-content\/uploads\/2023\/08\/Thaissa.jpg 647w, https:\/\/designmodahumanidades.unifebe.edu.br\/wp-content\/uploads\/2023\/08\/Thaissa-190x300.jpg 190w, https:\/\/designmodahumanidades.unifebe.edu.br\/wp-content\/uploads\/2023\/08\/Thaissa-38x60.jpg 38w\" sizes=\"auto, (max-width: 647px) 100vw, 647px\" \/><\/figure><div class=\"wp-block-media-text__content\">\n<p class=\"has-text-align-left has-small-font-size\">Thaissa Schneider &#8211; Mestra em Design pela Universidade do Estado de Santa Catarina &#8211; UDESC (2013), MBA em Comunica\u00e7\u00e3o e Marketing em M\u00eddias Digitais pela Universidade Est\u00e1cio de S\u00e1 (2017), especializa\u00e7\u00e3o em Fotografia pela Uniara (2021) e especializa\u00e7\u00e3o em Design de Moda pela Universidade Estadual de Londrina &#8211; UEL (2005) e gradua\u00e7\u00e3o em Moda &#8211; Estilismo pela Universidade do Estado de Santa Catarina &#8211; UDESC (2002). \u00c9 professora no curso de Design de Moda da Unifebe, em Brusque SC e do Centro Universit\u00e1rio Senai Blumenau, atuando tamb\u00e9m no curso de Design de Moda. Acesse o curr\u00edculo lattes.<\/p>\n<\/div><\/div>\n\n\n\n<div class=\"wp-block-media-text has-media-on-the-right is-stacked-on-mobile\" style=\"grid-template-columns:auto 19%\"><div class=\"wp-block-media-text__content\">\n<p><\/p>\n\n\n\n<p class=\"has-small-font-size\">Edin\u00e9ia Pereira da Silva &#8211; Doutora em Hist\u00f3ria pela Pontif\u00edcia Universidade Cat\u00f3lica de S\u00e3o Paulo PUC\/SP. Mestrado em Hist\u00f3ria pela Pontif\u00edcia Universidade Cat\u00f3lica do Rio Grande do Sul (2010) e. Possui gradua\u00e7\u00e3o em Licenciatura em Hist\u00f3ria pelo Centro Universit\u00e1rio de Brusque &#8211; Unifebe (2003); Design de Moda pela Faculdade Carlos Drummond de Andrade &#8211; Grupo Drummond\/SP; Especializa\u00e7\u00e3o em Hist\u00f3ria Cultural pela FACEL; Atualmente atua como docente nos cursos de Design de Moda e Arquitetura e Urbanismo e na \u00e1rea de gest\u00e3o universit\u00e1ria no Centro Universit\u00e1rio de Brusque &#8211; Unifebe. Tem experi\u00eancia na \u00e1rea de Hist\u00f3ria Cultural, atuando principalmente nos seguintes temas: arte, moda, indument\u00e1ria, t\u00eaxtil, identidade, tradi\u00e7\u00e3o e mem\u00f3ria. Acesse o curr\u00edculo lattes.<\/p>\n<\/div><figure class=\"wp-block-media-text__media\"><img loading=\"lazy\" decoding=\"async\" width=\"125\" height=\"160\" src=\"https:\/\/designmodahumanidades.unifebe.edu.br\/wp-content\/uploads\/2023\/08\/Edineia-Pereira-da-Silva.jpg\" alt=\"\" class=\"wp-image-167 size-full\" srcset=\"https:\/\/designmodahumanidades.unifebe.edu.br\/wp-content\/uploads\/2023\/08\/Edineia-Pereira-da-Silva.jpg 125w, https:\/\/designmodahumanidades.unifebe.edu.br\/wp-content\/uploads\/2023\/08\/Edineia-Pereira-da-Silva-47x60.jpg 47w\" sizes=\"auto, (max-width: 125px) 100vw, 125px\" \/><\/figure><\/div>\n\n\n\n<div class=\"wp-block-media-text is-stacked-on-mobile\" style=\"grid-template-columns:19% auto\"><figure class=\"wp-block-media-text__media\"><img loading=\"lazy\" decoding=\"async\" width=\"620\" height=\"827\" src=\"https:\/\/designmodahumanidades.unifebe.edu.br\/wp-content\/uploads\/2023\/08\/Ed.jpg\" alt=\"\" class=\"wp-image-254 size-full\" srcset=\"https:\/\/designmodahumanidades.unifebe.edu.br\/wp-content\/uploads\/2023\/08\/Ed.jpg 620w, https:\/\/designmodahumanidades.unifebe.edu.br\/wp-content\/uploads\/2023\/08\/Ed-225x300.jpg 225w, https:\/\/designmodahumanidades.unifebe.edu.br\/wp-content\/uploads\/2023\/08\/Ed-45x60.jpg 45w\" sizes=\"auto, (max-width: 620px) 100vw, 620px\" \/><\/figure><div class=\"wp-block-media-text__content\">\n<p><\/p>\n\n\n\n<p class=\"has-small-font-size\">Edna Regina Steinhauser &#8211; Mestra em Designer Profissional e graduada em Artes Visuais pelo Centro Universit\u00e1rio Leonardo da Vinci (2022) e gradua\u00e7\u00e3o em Moda pela Funda\u00e7\u00e3o Universidade Regional de Blumenau (2003). Atualmente \u00e9 professora do Centro Universit\u00e1rio Senai Santa Catarina, professora &#8211; Cedup Hermann Hering e professor do Centro Universit\u00e1rio de Brusque. Tem experi\u00eancia na \u00e1rea de Artes, com \u00eanfase em MODA, atuando principalmente nos seguintes temas: moda, desenvolvimento de produtos, desenho, cria\u00e7\u00e3o e tend\u00eancias de moda. Acesse o curr\u00edculo lattes.<\/p>\n<\/div><\/div>\n","protected":false},"excerpt":{"rendered":"<p>Josely Cristiane Rosa &#8211; Doutora em Desenvolvimento Regional &#8211; FURB (2019). Na \u00e1rea acad\u00eamica \u00e9 docente de cursos de gradua\u00e7\u00e3o e p\u00f3s-gradua\u00e7\u00e3o. Atualmente atua como docente nos seguintes cursos: Medicina, Administra\u00e7\u00e3o, Direito, Pedagogia e Educa\u00e7\u00e3o F\u00edsica. Exerce a coordena\u00e7\u00e3o do Curso de Design de Moda do Centro Universit\u00e1rio de Brusque\/SC e dos curso de P\u00f3s-Gradua\u00e7\u00e3o &hellip; <\/p>\n","protected":false},"author":1,"featured_media":0,"parent":0,"menu_order":0,"comment_status":"closed","ping_status":"closed","template":"","meta":{"footnotes":""},"class_list":["post-13","page","type-page","status-publish","hentry"],"_links":{"self":[{"href":"https:\/\/designmodahumanidades.unifebe.edu.br\/index.php?rest_route=\/wp\/v2\/pages\/13","targetHints":{"allow":["GET"]}}],"collection":[{"href":"https:\/\/designmodahumanidades.unifebe.edu.br\/index.php?rest_route=\/wp\/v2\/pages"}],"about":[{"href":"https:\/\/designmodahumanidades.unifebe.edu.br\/index.php?rest_route=\/wp\/v2\/types\/page"}],"author":[{"embeddable":true,"href":"https:\/\/designmodahumanidades.unifebe.edu.br\/index.php?rest_route=\/wp\/v2\/users\/1"}],"replies":[{"embeddable":true,"href":"https:\/\/designmodahumanidades.unifebe.edu.br\/index.php?rest_route=%2Fwp%2Fv2%2Fcomments&post=13"}],"version-history":[{"count":46,"href":"https:\/\/designmodahumanidades.unifebe.edu.br\/index.php?rest_route=\/wp\/v2\/pages\/13\/revisions"}],"predecessor-version":[{"id":258,"href":"https:\/\/designmodahumanidades.unifebe.edu.br\/index.php?rest_route=\/wp\/v2\/pages\/13\/revisions\/258"}],"wp:attachment":[{"href":"https:\/\/designmodahumanidades.unifebe.edu.br\/index.php?rest_route=%2Fwp%2Fv2%2Fmedia&parent=13"}],"curies":[{"name":"wp","href":"https:\/\/api.w.org\/{rel}","templated":true}]}}